{"id":4328,"date":"2022-01-06T19:09:00","date_gmt":"2022-01-06T18:09:00","guid":{"rendered":"https:\/\/codify.in\/impressum\/"},"modified":"2022-01-06T19:11:38","modified_gmt":"2022-01-06T18:11:38","slug":"impressum","status":"publish","type":"page","link":"https:\/\/codify.in\/de\/impressum\/","title":{"rendered":"Impressum"},"content":{"rendered":"<h4 class=\"palatino wp-block-heading\">Informationen nach \u00a7 5 TMG<\/h4>\n\n\n\n<div class=\"wp-block-columns is-layout-flex wp-container-core-columns-is-layout-9d6595d7 wp-block-columns-is-layout-flex\">\n<div class=\"wp-block-column is-layout-flow wp-block-column-is-layout-flow\">\n<h5 class=\"wp-block-heading\">Bevollm\u00e4chtigter Vertreter &amp;<br>gesch\u00e4ftsf\u00fchrende Inhaber:<\/h5>\n\n\n\n<p>Jan Schmiedgen,  <br>Christian Rudolph<\/p>\n\n\n\n<p>Verantwortlich f\u00fcr den Inhalt<br>nach \u00a7 18 Abs. 2 MStV<br>Jan Schmiedgen<\/p>\n\n\n\n<p>Umsatzsteuer-identifikationsnummer nach<br>\u00a7 27 Umsatzsteuergesetz:<br>DE313300279<\/p>\n<\/div>\n\n\n\n<div class=\"wp-block-column is-layout-flow wp-block-column-is-layout-flow\">\n<h5 class=\"wp-block-heading\"><br>Kontakt:<\/h5>\n\n\n\n<p>co:dify Schmiedgen Rudolph GbR<br>Kottbusser Damm 73<br>10967 Berlin<br>Deutschland<\/p>\n\n\n\n<p>Telefon: +49 30 57 70 77 32<br>Post:  <a href=\"javascript:location='mailto:%5Cu0077%5Cu0065%5Cu0062%5Cu006d%5Cu0061%5Cu0073%5Cu0074%5Cu0065%5Cu0072%5Cu0040%5Cu0063%5Cu006f%5Cu0064%5Cu0069%5Cu0066%5Cu0079%5Cu002e%5Cu0069%5Cu006e';void%200\"><script type=\"text\/javascript\">document.write('\\u0077\\u0065\\u0062\\u006d\\u0061\\u0073\\u0074\\u0065\\u0072\\u0040\\u0063\\u006f\\u0064\\u0069\\u0066\\u0079\\u002e\\u0069\\u006e')<\/script><\/a><\/p>\n<\/div>\n\n\n\n<div class=\"wp-block-column is-layout-flow wp-block-column-is-layout-flow\">\n<h5 class=\"wp-block-heading\">Inhalt, Gestaltung<br>und Entwicklung:<\/h5>\n\n\n\n<p>Jan Schmiedgen,  <br>Christian Rudolph (co:dify),<br>Lana Wahlstr\u00f6m<a rel=\"noreferrer noopener\" href=\"http:\/\/www.lynxtale.com\" target=\"_blank\">(www.lynxtale.com<\/a>)<\/p>\n<\/div>\n<\/div>\n\n\n\n<h1 class=\"wp-block-heading\">Rechtliche Informationen<\/h1>\n\n\n\n<h5 class=\"wp-block-heading\">Hinweise zur Haftung<\/h5>\n\n\n\n<p>F\u00fcr den Inhalt externer Links (zu Webseiten Dritter) sind ausschlie\u00dflich deren Betreiber verantwortlich. Zum Zeitpunkt der Verlinkung waren f\u00fcr uns keine Verst\u00f6\u00dfe erkennbar. Bei Bekanntwerden von Rechtsverletzungen werden wir derartige Links umgehend entfernen.<\/p>\n\n\n\n<h5 class=\"wp-block-heading\">Hinweis zum Urheberrecht<\/h5>\n\n\n\n<p>Unsere Webseiten und deren Inhalte unterliegen dem deutschen Urheberrecht. Jede Form der Verwertung, Vervielf\u00e4ltigung oder Bearbeitung von urheberrechtlich gesch\u00fctzten Werken auf unseren Webseiten bedarf, soweit nicht ausdr\u00fccklich gesetzlich erlaubt (\u00a7 44a ff. UrhG), der vorherigen Zustimmung des jeweiligen Rechteinhabers. Einzelne Vervielf\u00e4ltigungen eines Werkes sind nur f\u00fcr den privaten Gebrauch erlaubt, d\u00fcrfen also weder direkt noch indirekt der Gewinnerzielung dienen. Die unerlaubte Verwertung von urheberrechtlich gesch\u00fctzten Werken ist strafbar (\u00a7 106 des Urheberrechtsgesetzes).<\/p>\n\n\n\n<h5 class=\"wp-block-heading\">Verantwortlichkeit f\u00fcr den Inhalt<\/h5>\n\n\n\n<p>Die Inhalte unserer Seiten wurden mit gr\u00f6\u00dfter Sorgfalt erstellt. F\u00fcr die Richtigkeit, Vollst\u00e4ndigkeit und Aktualit\u00e4t der Inhalte k\u00f6nnen wir jedoch keine Gew\u00e4hr \u00fcbernehmen. Gem\u00e4\u00df den gesetzlichen Bestimmungen sind wir dar\u00fcber hinaus f\u00fcr eigene Inhalte auf diesen Seiten verantwortlich. Wir weisen in diesem Zusammenhang darauf hin, dass wir nicht verpflichtet sind, lediglich die \u00fcbermittelten oder gespeicherten Informationen Dritter zu \u00fcberwachen oder nach Umst\u00e4nden zu forschen, die auf eine rechtswidrige T\u00e4tigkeit hinweisen. Verpflichtungen zur Entfernung oder Sperrung der Nutzung von Informationen nach den allgemeinen Gesetzen bleiben nach den \u00a7\u00a7 8 bis 10 TMG hiervon unber\u00fchrt.<\/p>\n\n\n\n<h5 class=\"wp-block-heading\">Hinweis zum Datenschutz<\/h5>\n\n\n\n<p>Weitere Informationen entnehmen Sie bitte dem <a href=\"https:\/\/codify.in\/de\/datenschutz\/\" data-type=\"page\" data-id=\"3\">Datenschutzhinweis<\/a> <\/p>","protected":false},"excerpt":{"rendered":"<p>Informationen nach \u00a7 5 TMG Bevollm\u00e4chtigter Vertreter &amp; gesch\u00e4ftsf\u00fchrende Inhaber: Jan Schmiedgen, Christian Rudolph Verantwortlich f\u00fcr den Inhalt nach \u00a7&hellip;<\/p>\n","protected":false},"author":11,"featured_media":0,"parent":0,"menu_order":0,"comment_status":"closed","ping_status":"closed","template":"","meta":{"_acf_changed":false,"footnotes":""},"coauthors":[580,306],"class_list":["post-4328","page","type-page","status-publish","hentry"],"acf":[],"jetpack_sharing_enabled":true,"_links":{"self":[{"href":"https:\/\/codify.in\/de\/wp-json\/wp\/v2\/pages\/4328","targetHints":{"allow":["GET"]}}],"collection":[{"href":"https:\/\/codify.in\/de\/wp-json\/wp\/v2\/pages"}],"about":[{"href":"https:\/\/codify.in\/de\/wp-json\/wp\/v2\/types\/page"}],"author":[{"embeddable":true,"href":"https:\/\/codify.in\/de\/wp-json\/wp\/v2\/users\/11"}],"replies":[{"embeddable":true,"href":"https:\/\/codify.in\/de\/wp-json\/wp\/v2\/comments?post=4328"}],"version-history":[{"count":5,"href":"https:\/\/codify.in\/de\/wp-json\/wp\/v2\/pages\/4328\/revisions"}],"predecessor-version":[{"id":4334,"href":"https:\/\/codify.in\/de\/wp-json\/wp\/v2\/pages\/4328\/revisions\/4334"}],"wp:attachment":[{"href":"https:\/\/codify.in\/de\/wp-json\/wp\/v2\/media?parent=4328"}],"wp:term":[{"taxonomy":"author","embeddable":true,"href":"https:\/\/codify.in\/de\/wp-json\/wp\/v2\/coauthors?post=4328"}],"curies":[{"name":"wp","href":"https:\/\/api.w.org\/{rel}","templated":true}]}}